{"id":1152,"date":"2020-06-24T18:49:00","date_gmt":"2020-06-25T00:49:00","guid":{"rendered":"https:\/\/www.tildetraducciones.com\/contact-official-translators-in-costa-rica\/"},"modified":"2025-11-11T17:36:30","modified_gmt":"2025-11-11T23:36:30","slug":"contact-official-translators-in-costa-rica","status":"publish","type":"page","link":"https:\/\/www.tildetraducciones.com\/en\/contact-official-translators-in-costa-rica\/","title":{"rendered":"Contact Us"},"content":{"rendered":"<p><div class=\"fusion-fullwidth fullwidth-box fusion-builder-row-1 fusion-parallax-none hundred-percent-fullwidth non-hundred-percent-height-scrolling fusion-equal-height-columns bg-normal\" style=\"--awb-background-position:right bottom;--awb-border-radius-top-left:0px;--awb-border-radius-top-right:0px;--awb-border-radius-bottom-right:0px;--awb-border-radius-bottom-left:0px;--awb-padding-top:0px;--awb-padding-right:0px;--awb-padding-bottom:0px;--awb-padding-left:0px;--awb-margin-top:0px;--awb-margin-bottom:0px;--awb-background-color:#ffffff;--awb-background-image:url(&quot;https:\/\/www.tildetraducciones.com\/wp-content\/uploads\/2020\/06\/tilde-isotipo.png&quot;);--awb-background-size:cover;--awb-flex-wrap:wrap;\" ><div class=\"fusion-builder-row fusion-row\"><div class=\"fusion-layout-column fusion_builder_column fusion-builder-column-0 fusion_builder_column_1_1 1_1 fusion-one-full fusion-column-first fusion-column-last\" style=\"--awb-padding-top:0px;--awb-padding-right:0px;--awb-padding-bottom:0px;--awb-padding-left:0px;--awb-bg-color:#ffffff;--awb-bg-color-hover:#ffffff;--awb-bg-size:cover;--awb-margin-top:0px;--awb-margin-bottom:0px;\"><div class=\"fusion-column-wrapper fusion-column-has-shadow fusion-flex-column-wrapper-legacy\"><iframe src=\"https:\/\/www.google.com\/maps\/embed?pb=!1m18!1m12!1m3!1d3929.9586574592386!2d-84.07506828521363!3d9.937397992894116!2m3!1f0!2f0!3f0!3m2!1i1024!2i768!4f13.1!3m3!1m2!1s0x8fa0e5c5e3930a31:0xed8a0c456a13f755!2sTilde%20Traducciones!5e0!3m2!1ses!2scr!4v1593025861130!5m2!1ses!2scr\" width=\"100%\" height=\"380\" frameborder=\"0\" style=\"border:0;\" allowfullscreen=\"\" aria-hidden=\"false\" tabindex=\"0\"><\/iframe><div class=\"fusion-clearfix\"><\/div><\/div><\/div><\/div><\/div><div class=\"fusion-fullwidth fullwidth-box fusion-builder-row-2 fusion-parallax-none hundred-percent-fullwidth non-hundred-percent-height-scrolling fusion-equal-height-columns bg-normal\" style=\"--awb-background-position:right bottom;--awb-border-radius-top-left:0px;--awb-border-radius-top-right:0px;--awb-border-radius-bottom-right:0px;--awb-border-radius-bottom-left:0px;--awb-padding-top:0px;--awb-padding-right:0px;--awb-padding-bottom:0px;--awb-padding-left:0px;--awb-margin-top:-10px;--awb-margin-bottom:0px;--awb-background-color:#ffffff;--awb-background-image:url(&quot;https:\/\/www.tildetraducciones.com\/wp-content\/uploads\/2020\/06\/tilde-isotipo.png&quot;);--awb-background-size:cover;--awb-flex-wrap:wrap;\" ><div class=\"fusion-builder-row fusion-row\"><div class=\"fusion-layout-column fusion_builder_column fusion-builder-column-1 fusion_builder_column_1_3 1_3 fusion-one-third fusion-column-first fusion-animated bg-contained\" style=\"--awb-padding-top:0px;--awb-padding-right:0px;--awb-padding-bottom:0px;--awb-padding-left:0px;--awb-bg-color:#1d2c54;--awb-bg-color-hover:#1d2c54;--awb-bg-image:url(&#039;https:\/\/www.tildetraducciones.com\/wp-content\/uploads\/2023\/10\/tilde-traducciones-barrio-otoya.jpg&#039;);--awb-bg-position:center bottom;--awb-bg-size:cover;--awb-margin-top:0px;--awb-margin-bottom:0px;width:33.333333333333%;width:calc(33.333333333333% - ( ( 0 + 0 ) * 0.33333333333333 ) );margin-right: 0px;\" data-animationType=\"slideInUp\" data-animationDuration=\"0.3\" data-animationOffset=\"top-into-view\" data-scroll-devices=\"small-visibility,medium-visibility,large-visibility\"><div class=\"fusion-column-wrapper fusion-column-has-shadow fusion-flex-column-wrapper-legacy fusion-empty-column-bg-image fusion-column-has-bg-image\" data-bg-url=\"https:\/\/www.tildetraducciones.com\/wp-content\/uploads\/2023\/10\/tilde-traducciones-barrio-otoya.jpg\"><img decoding=\"async\" class=\"fusion-empty-dims-img-placeholder fusion-no-large-visibility\" alt=\"Tilde Traducciones. Servicio de traducci\u00f3n oficial y traducci\u00f3n m\u00e9dica, ciencias de la vida y m\u00e1s. Ubicados en Barrio Otoya\" aria-label=\"Tilde Traducciones. Servicio de traducci\u00f3n oficial y traducci\u00f3n m\u00e9dica, ciencias de la vida y m\u00e1s. Ubicados en Barrio Otoya\" src=\"data:image\/svg+xml,%3Csvg%20xmlns%3D%27http%3A%2F%2Fwww.w3.org%2F2000%2Fsvg%27%20width%3D%27700%27%20height%3D%27935%27%20viewBox%3D%270%200%20700%20935%27%3E%3Crect%20width%3D%27700%27%20height%3D%27935%27%20fill-opacity%3D%220%22%2F%3E%3C%2Fsvg%3E\"><div class=\"fusion-clearfix\"><\/div><\/div><\/div><div class=\"fusion-layout-column fusion_builder_column fusion-builder-column-2 fusion_builder_column_1_3 1_3 fusion-one-third fusion-animated\" style=\"--awb-padding-top:20%;--awb-padding-right:15%;--awb-padding-bottom:20%;--awb-padding-left:15%;--awb-bg-color:#1d2c54;--awb-bg-color-hover:#1d2c54;--awb-bg-size:cover;--awb-margin-top:0px;--awb-margin-bottom:0px;width:33.333333333333%;width:calc(33.333333333333% - ( ( 0 + 0 ) * 0.33333333333333 ) );margin-right: 0px;\" data-animationType=\"slideInUp\" data-animationDuration=\"0.4\" data-animationOffset=\"top-into-view\" data-scroll-devices=\"small-visibility,medium-visibility,large-visibility\"><div class=\"fusion-column-wrapper fusion-column-has-shadow fusion-flex-column-wrapper-legacy\"><div class=\"fusion-text fusion-text-1\" style=\"--awb-text-color:#ffffff;\"><p style=\"text-align: left;\" data-start=\"818\" data-end=\"1112\">We are the reliable partner of your <strong data-start=\"853\" data-end=\"932\">documentation center, regulatory area or legal and financial department.<\/strong><\/p>\n<p style=\"text-align: left;\" data-start=\"818\" data-end=\"1112\">We accompany high volume projects, sanitary registrations, line transfers, technical documentation and regulatory compliance of national and transnational companies.<\/p>\n<h3 style=\"text-align: left;\" data-start=\"789\" data-end=\"816\"><span style=\"color: #ffffff;\"><strong data-start=\"789\" data-end=\"816\">Contact Information<\/strong><\/span><\/h3>\n<p style=\"text-align: left;\" data-start=\"1114\" data-end=\"1202\"><strong data-start=\"1117\" data-end=\"1128\">Email: <\/strong><span style=\"text-decoration: underline;\"><span style=\"color: #ffffff;\"><a class=\"decorated-link cursor-pointer\" style=\"color: #ffffff; text-decoration: underline;\" rel=\"noopener\" data-start=\"1129\" data-end=\"1202\">servicios@tildetraducciones.com<\/a><\/span><\/span><\/p>\n<p style=\"text-align: left;\" data-start=\"1114\" data-end=\"1202\"><span style=\"color: #ffffff;\"><strong><span style=\"text-decoration: underline;\"><a style=\"color: #ffffff; text-decoration: underline;\" href=\"http:\/\/wa.me\/50683384248?utm_source=sitioweb&amp;utm_medium=wagaby&amp;utm_campaign=b2b&amp;utm_term=leadb2b\">WhatsApp<\/a><\/span><\/strong><\/span><\/p>\n<p style=\"text-align: left;\" data-start=\"1204\" data-end=\"1335\">\ud83d\udccdAddress<strong data-start=\"1207\" data-end=\"1221\">: <\/strong>Building 1155. North side of the Ministry of Foreign Affairs and Worship. San Jos\u00e9, Costa Rica  <\/p>\n<\/div><div class=\"fusion-clearfix\"><\/div><\/div><\/div><div class=\"fusion-layout-column fusion_builder_column fusion-builder-column-3 fusion_builder_column_1_3 1_3 fusion-one-third fusion-column-last fusion-animated\" style=\"--awb-padding-top:20%;--awb-padding-right:15%;--awb-padding-bottom:20%;--awb-padding-left:15%;--awb-bg-color:#f9f9f9;--awb-bg-color-hover:#f9f9f9;--awb-bg-size:cover;--awb-margin-top:0px;--awb-margin-bottom:0px;width:33.333333333333%;width:calc(33.333333333333% - ( ( 0 + 0 ) * 0.33333333333333 ) );\" data-animationType=\"slideInUp\" data-animationDuration=\"0.5\" data-animationOffset=\"top-into-view\" data-scroll-devices=\"small-visibility,medium-visibility,large-visibility\"><div class=\"fusion-column-wrapper fusion-column-has-shadow fusion-flex-column-wrapper-legacy\"><div class=\"fusion-text fusion-text-2\"><h3 style=\"text-align: left;\" data-start=\"1395\" data-end=\"1423\"><strong data-start=\"1395\" data-end=\"1423\">Inquiries and Quotations<\/strong><\/h3>\n<p style=\"text-align: left;\" data-start=\"1425\" data-end=\"1648\"><strong data-start=\"1441\" data-end=\"1479\">We do not currently serve individual clients<\/strong>, as our focus is on <strong data-start=\"1520\" data-end=\"1549\">companies and organizations<\/strong> that require professional translation, interpreting or specialized documentation services.<\/p>\n<p style=\"text-align: left;\" data-start=\"1650\" data-end=\"1706\">Select the option that best fits your needs:<\/p>\n<\/div><div class=\"fusion-sep-clear\"><\/div><div class=\"fusion-separator fusion-full-width-sep\" style=\"margin-left: auto;margin-right: auto;margin-top:20px;width:100%;\"><\/div><div class=\"fusion-sep-clear\"><\/div><div class=\"fusion-aligncenter\"><a class=\"fusion-button button-flat fusion-button-default-size button-default fusion-button-default button-1 fusion-button-default-span fusion-button-default-type full-width\" target=\"_self\" href=\"https:\/\/wkf.ms\/4czvhlS?utm_source=sitioweb_ingles&amp;utm_medium=form&amp;utm_campaign=b2b&amp;utm_term=traduccion\"><i class=\"fa-pen-alt fas awb-button__icon awb-button__icon--default button-icon-left\" aria-hidden=\"true\"><\/i><span class=\"fusion-button-text awb-button__text awb-button__text--default\">Quote translation<\/span><\/a><\/div><div class=\"fusion-sep-clear\"><\/div><div class=\"fusion-separator fusion-full-width-sep\" style=\"margin-left: auto;margin-right: auto;margin-top:20px;width:100%;\"><\/div><div class=\"fusion-sep-clear\"><\/div><div class=\"fusion-aligncenter\"><a class=\"fusion-button button-flat fusion-button-default-size button-default fusion-button-default button-2 fusion-button-default-span fusion-button-default-type full-width\" target=\"_self\" href=\"https:\/\/wkf.ms\/3W6p9fn?utm_source=sitioweb_ingles&amp;utm_medium=form&amp;utm_campaign=b2b&amp;utm_term=interpretacion\"><i class=\"fa-comment fas awb-button__icon awb-button__icon--default button-icon-left\" aria-hidden=\"true\"><\/i><span class=\"fusion-button-text awb-button__text awb-button__text--default\">Quote simultaneous interpretation<\/span><\/a><\/div><div class=\"fusion-sep-clear\"><\/div><div class=\"fusion-separator fusion-full-width-sep\" style=\"margin-left: auto;margin-right: auto;margin-top:20px;width:100%;\"><\/div><div class=\"fusion-sep-clear\"><\/div><div class=\"fusion-aligncenter\"><a class=\"fusion-button button-flat fusion-button-default-size button-default fusion-button-default button-3 fusion-button-default-span fusion-button-default-type full-width\" target=\"_self\" href=\"https:\/\/outlook.office.com\/book\/TildeTraducciones1@tildetraducciones.com\/?ismsaljsauthenabled=&amp;utm_source=sitioweb_ingles&amp;utm_medium=form&amp;utm_campaign=b2b&amp;utm_term=reunion\"><i class=\"fa-headset fas awb-button__icon awb-button__icon--default button-icon-left\" aria-hidden=\"true\"><\/i><span class=\"fusion-button-text awb-button__text awb-button__text--default\">Schedule a virtual meeting with Tilde<\/span><\/a><\/div><div class=\"fusion-sep-clear\"><\/div><div class=\"fusion-separator fusion-full-width-sep\" style=\"margin-left: auto;margin-right: auto;margin-top:20px;width:100%;\"><\/div><div class=\"fusion-sep-clear\"><\/div><div class=\"fusion-aligncenter\"><a class=\"fusion-button button-flat fusion-button-default-size button-default fusion-button-default button-4 fusion-button-default-span fusion-button-default-type\" target=\"_self\" href=\"https:\/\/wkf.ms\/4czvhlS?utm_source=sitioweb_ingles&amp;utm_medium=form&amp;utm_campaign=b2b&amp;utm_term=revisionIA\"><i class=\"fa-robot fas awb-button__icon awb-button__icon--default button-icon-left\" aria-hidden=\"true\"><\/i><span class=\"fusion-button-text awb-button__text awb-button__text--default\">Human review of translation with AI<\/span><\/a><\/div><div class=\"fusion-sep-clear\"><\/div><div class=\"fusion-separator fusion-full-width-sep\" style=\"margin-left: auto;margin-right: auto;margin-top:20px;width:100%;\"><\/div><div class=\"fusion-sep-clear\"><\/div><div class=\"fusion-aligncenter\"><a class=\"fusion-button button-flat fusion-button-default-size button-default fusion-button-default button-5 fusion-button-default-span fusion-button-default-type\" target=\"_self\" href=\"https:\/\/wkf.ms\/3EcXKCc?utm_source=sitioweb_ingles&amp;utm_medium=form&amp;utm_campaign=freelancers&amp;utm_term=trabajo\"><i class=\"fa-bahai fas awb-button__icon awb-button__icon--default button-icon-left\" aria-hidden=\"true\"><\/i><span class=\"fusion-button-text awb-button__text awb-button__text--default\">Work with us<\/span><\/a><\/div><div class=\"fusion-sep-clear\"><\/div><div class=\"fusion-separator fusion-full-width-sep\" style=\"margin-left: auto;margin-right: auto;margin-top:20px;width:100%;\"><\/div><div class=\"fusion-sep-clear\"><\/div><div class=\"fusion-text fusion-text-3\"><p style=\"text-align: center;\">All <strong>Tilde<\/strong> services are provided under <strong data-start=\"2044\" data-end=\"2069\">ISO 9001 and ISO 17100<\/strong> international standards.<\/p>\n<\/div><div class=\"fusion-clearfix\"><\/div><\/div><\/div><\/div><\/div><\/p>\n","protected":false},"excerpt":{"rendered":"","protected":false},"author":1,"featured_media":0,"parent":0,"menu_order":0,"comment_status":"closed","ping_status":"closed","template":"100-width.php","meta":{"googlesitekit_rrm_CAowyfHdCw:productID":"","content-type":"","_uf_show_specific_survey":0,"_uf_disable_surveys":false,"footnotes":""},"class_list":["post-1152","page","type-page","status-publish","hentry"],"aioseo_notices":[],"_links":{"self":[{"href":"https:\/\/www.tildetraducciones.com\/en\/wp-json\/wp\/v2\/pages\/1152","targetHints":{"allow":["GET"]}}],"collection":[{"href":"https:\/\/www.tildetraducciones.com\/en\/wp-json\/wp\/v2\/pages"}],"about":[{"href":"https:\/\/www.tildetraducciones.com\/en\/wp-json\/wp\/v2\/types\/page"}],"author":[{"embeddable":true,"href":"https:\/\/www.tildetraducciones.com\/en\/wp-json\/wp\/v2\/users\/1"}],"replies":[{"embeddable":true,"href":"https:\/\/www.tildetraducciones.com\/en\/wp-json\/wp\/v2\/comments?post=1152"}],"version-history":[{"count":10,"href":"https:\/\/www.tildetraducciones.com\/en\/wp-json\/wp\/v2\/pages\/1152\/revisions"}],"predecessor-version":[{"id":1920,"href":"https:\/\/www.tildetraducciones.com\/en\/wp-json\/wp\/v2\/pages\/1152\/revisions\/1920"}],"wp:attachment":[{"href":"https:\/\/www.tildetraducciones.com\/en\/wp-json\/wp\/v2\/media?parent=1152"}],"curies":[{"name":"wp","href":"https:\/\/api.w.org\/{rel}","templated":true}]}}